{"id":10133,"date":"2026-02-19T22:04:27","date_gmt":"2026-02-20T01:04:27","guid":{"rendered":"https:\/\/wcwdigital.com\/noticias\/?page_id=10133"},"modified":"2026-02-19T22:04:29","modified_gmt":"2026-02-20T01:04:29","slug":"termos-e-condicoes-verde-branco-grena","status":"publish","type":"page","link":"https:\/\/wcwdigital.com\/noticias\/termos-e-condicoes-verde-branco-grena\/","title":{"rendered":"Termos e Condi\u00e7\u00f5es (Verde Branco &amp; Gren\u00e1)"},"content":{"rendered":"\n<h2 class=\"wp-block-heading\">Termos<\/h2>\n\n\n\n<p>Ao acessar ao site Verde Branco &amp; Gren\u00e1, concorda em cumprir estes termos de servi\u00e7o, todas as leis e regulamentos aplic\u00e1veis \u200b\u200be concorda que \u00e9 respons\u00e1vel pelo cumprimento de todas as leis locais aplic\u00e1veis. <\/p>\n\n\n\n<p>Se voc\u00ea n\u00e3o concordar com algum desses termos, est\u00e1 proibido de usar ou acessar este site. Os materiais contidos neste site s\u00e3o protegidos pelas leis de direitos autorais e marcas comerciais aplic\u00e1veis.<\/p>\n\n\n\n<h2 class=\"wp-block-heading\">2. Uso de Licen\u00e7a<\/h2>\n\n\n\n<p>\u00c9 concedida permiss\u00e3o para baixar temporariamente uma c\u00f3pia dos materiais (informa\u00e7\u00f5es ou software) no site Verde Branco &amp; Gren\u00e1 , apenas para visualiza\u00e7\u00e3o transit\u00f3ria pessoal e n\u00e3o comercial. Esta \u00e9 a concess\u00e3o de uma licen\u00e7a, n\u00e3o uma transfer\u00eancia de t\u00edtulo e, sob esta licen\u00e7a, voc\u00ea n\u00e3o pode:\u00a0modificar ou copiar os materiais;\u00a0usar os materiais para qualquer finalidade comercial ou para exibi\u00e7\u00e3o p\u00fablica (comercial ou n\u00e3o comercial);\u00a0tentar descompilar ou fazer engenharia reversa de qualquer software contido no site Verde Branco &amp; Gren\u00e1;\u00a0remover quaisquer direitos autorais ou outras nota\u00e7\u00f5es de propriedade dos materiais; ou\u00a0transferir os materiais para outra pessoa ou &#8216;espelhe&#8217; os materiais em qualquer outro servidor.<\/p>\n\n\n\n<p>Esta licen\u00e7a ser\u00e1 automaticamente rescindida se voc\u00ea violar alguma dessas restri\u00e7\u00f5es e poder\u00e1 ser rescindida por Verde Branco &amp; Gren\u00e1 a qualquer momento. Ao encerrar a visualiza\u00e7\u00e3o desses materiais ou ap\u00f3s o t\u00e9rmino desta licen\u00e7a, voc\u00ea deve apagar todos os materiais baixados em sua posse, seja em formato eletr\u00f3nico ou impresso.<\/p>\n\n\n\n<h2 class=\"wp-block-heading\">3. Isen\u00e7\u00e3o de responsabilidade<\/h2>\n\n\n\n<p>Os materiais no site da Verde Branco &amp; Gren\u00e1 s\u00e3o fornecidos &#8216;como est\u00e3o&#8217;. Verde Branco &amp; Gren\u00e1 n\u00e3o oferece garantias, expressas ou impl\u00edcitas, e, por este meio, isenta e nega todas as outras garantias, incluindo, sem limita\u00e7\u00e3o, garantias impl\u00edcitas ou condi\u00e7\u00f5es de comercializa\u00e7\u00e3o, adequa\u00e7\u00e3o a um fim espec\u00edfico ou n\u00e3o viola\u00e7\u00e3o de propriedade intelectual ou outra viola\u00e7\u00e3o de direitos.<\/p>\n\n\n\n<p>Al\u00e9m disso, o Verde Branco &amp; Gren\u00e1 n\u00e3o garante ou faz qualquer representa\u00e7\u00e3o relativa \u00e0 precis\u00e3o, aos resultados prov\u00e1veis \u200b\u200bou \u00e0 confiabilidade do uso dos materiais em seu site ou de outra forma relacionado a esses materiais ou em sites vinculados a este site.<\/p>\n\n\n\n<h2 class=\"wp-block-heading\">4. Limita\u00e7\u00f5es<\/h2>\n\n\n\n<p>Em nenhum caso o Verde Branco &amp; Gren\u00e1 ou seus fornecedores ser\u00e3o respons\u00e1veis \u200b\u200bpor quaisquer danos (incluindo, sem limita\u00e7\u00e3o, danos por perda de dados ou lucro ou devido a interrup\u00e7\u00e3o dos neg\u00f3cios) decorrentes do uso ou da incapacidade de usar os materiais em Verde Branco &amp; Gren\u00e1, mesmo que Verde Branco &amp; Gren\u00e1 ou um representante autorizado da Verde Branco &amp; Gren\u00e1 tenha sido notificado oralmente ou por escrito da possibilidade de tais danos. <\/p>\n\n\n\n<p>Como algumas jurisdi\u00e7\u00f5es n\u00e3o permitem limita\u00e7\u00f5es em garantias impl\u00edcitas, ou limita\u00e7\u00f5es de responsabilidade por danos conseq\u00fcentes ou incidentais, essas limita\u00e7\u00f5es podem n\u00e3o se aplicar a voc\u00ea.<\/p>\n\n\n\n<h2 class=\"wp-block-heading\">5. Precis\u00e3o dos materiais<\/h2>\n\n\n\n<p>Os materiais exibidos no site da Verde Branco &amp; Gren\u00e1 podem incluir erros t\u00e9cnicos, tipogr\u00e1ficos ou fotogr\u00e1ficos. Verde Branco &amp; Gren\u00e1 n\u00e3o garante que qualquer material em seu site seja preciso, completo ou atual. Verde Branco &amp; Gren\u00e1 pode fazer altera\u00e7\u00f5es nos materiais contidos em seu site a qualquer momento, sem aviso pr\u00e9vio. No entanto, Verde Branco &amp; Gren\u00e1 n\u00e3o se compromete a atualizar os materiais.<\/p>\n\n\n\n<h2 class=\"wp-block-heading\">6. Links<\/h2>\n\n\n\n<p>O Verde Branco &amp; Gren\u00e1 n\u00e3o analisou todos os sites vinculados ao seu site e n\u00e3o \u00e9 respons\u00e1vel pelo conte\u00fado de nenhum site vinculado. A inclus\u00e3o de qualquer link n\u00e3o implica endosso por Verde Branco &amp; Gren\u00e1 do site. O uso de qualquer site vinculado \u00e9 por conta e risco do usu\u00e1rio.<\/p>\n\n\n\n<h2 class=\"wp-block-heading\">Modifica\u00e7\u00f5es<\/h2>\n\n\n\n<p>O Verde Branco &amp; Gren\u00e1 pode revisar estes termos de servi\u00e7o do site a qualquer momento, sem aviso pr\u00e9vio. Ao usar este site, voc\u00ea concorda em ficar vinculado \u00e0 vers\u00e3o atual desses termos de servi\u00e7o.<\/p>\n\n\n\n<h2 class=\"wp-block-heading\">Lei aplic\u00e1vel<\/h2>\n\n\n\n<p>Estes termos e condi\u00e7\u00f5es s\u00e3o regidos e interpretados de acordo com as leis do Verde Branco &amp; Gren\u00e1 e voc\u00ea se submete irrevogavelmente \u00e0 jurisdi\u00e7\u00e3o exclusiva dos tribunais naquele estado ou localidade.<\/p>\n\n\n\n<p><\/p>\n","protected":false},"excerpt":{"rendered":"<p>Termos Ao acessar ao site Verde Branco &amp; Gren\u00e1, concorda em cumprir estes termos de servi\u00e7o, todas as leis e regulamentos aplic\u00e1veis \u200b\u200be concorda que [&hellip;]<\/p>\n","protected":false},"author":1,"featured_media":0,"parent":0,"menu_order":0,"comment_status":"closed","ping_status":"closed","template":"","meta":{"_acf_changed":false,"footnotes":""},"class_list":["post-10133","page","type-page","status-publish","hentry"],"acf":[],"yoast_head":"<!-- This site is optimized with the Yoast SEO plugin v27.4 - https:\/\/yoast.com\/product\/yoast-seo-wordpress\/ -->\n<title>Termos e Condi\u00e7\u00f5es (Verde Branco &amp; Gren\u00e1) -<\/title>\n<meta name=\"robots\" content=\"index, follow, max-snippet:-1, max-image-preview:large, max-video-preview:-1\" \/>\n<link rel=\"canonical\" href=\"https:\/\/wcwdigital.com\/noticias\/termos-e-condicoes-verde-branco-grena\/\" \/>\n<meta property=\"og:locale\" content=\"pt_BR\" \/>\n<meta property=\"og:type\" content=\"article\" \/>\n<meta property=\"og:title\" content=\"Termos e Condi\u00e7\u00f5es (Verde Branco &amp; Gren\u00e1) -\" \/>\n<meta property=\"og:description\" content=\"Termos Ao acessar ao site Verde Branco &amp; Gren\u00e1, concorda em cumprir estes termos de servi\u00e7o, todas as leis e regulamentos aplic\u00e1veis \u200b\u200be concorda que [&hellip;]\" \/>\n<meta property=\"og:url\" content=\"https:\/\/wcwdigital.com\/noticias\/termos-e-condicoes-verde-branco-grena\/\" \/>\n<meta property=\"article:modified_time\" content=\"2026-02-20T01:04:29+00:00\" \/>\n<meta name=\"twitter:card\" content=\"summary_large_image\" \/>\n<meta name=\"twitter:label1\" content=\"Est. tempo de leitura\" \/>\n\t<meta name=\"twitter:data1\" content=\"4 minutos\" \/>\n<script type=\"application\/ld+json\" class=\"yoast-schema-graph\">{\"@context\":\"https:\\\/\\\/schema.org\",\"@graph\":[{\"@type\":\"WebPage\",\"@id\":\"https:\\\/\\\/wcwdigital.com\\\/noticias\\\/termos-e-condicoes-verde-branco-grena\\\/\",\"url\":\"https:\\\/\\\/wcwdigital.com\\\/noticias\\\/termos-e-condicoes-verde-branco-grena\\\/\",\"name\":\"Termos e Condi\u00e7\u00f5es (Verde Branco &amp; Gren\u00e1) -\",\"isPartOf\":{\"@id\":\"https:\\\/\\\/wcwdigital.com\\\/noticias\\\/#website\"},\"datePublished\":\"2026-02-20T01:04:27+00:00\",\"dateModified\":\"2026-02-20T01:04:29+00:00\",\"breadcrumb\":{\"@id\":\"https:\\\/\\\/wcwdigital.com\\\/noticias\\\/termos-e-condicoes-verde-branco-grena\\\/#breadcrumb\"},\"inLanguage\":\"pt-BR\",\"potentialAction\":[{\"@type\":\"ReadAction\",\"target\":[\"https:\\\/\\\/wcwdigital.com\\\/noticias\\\/termos-e-condicoes-verde-branco-grena\\\/\"]}]},{\"@type\":\"BreadcrumbList\",\"@id\":\"https:\\\/\\\/wcwdigital.com\\\/noticias\\\/termos-e-condicoes-verde-branco-grena\\\/#breadcrumb\",\"itemListElement\":[{\"@type\":\"ListItem\",\"position\":1,\"name\":\"Home\",\"item\":\"https:\\\/\\\/wcwdigital.com\\\/noticias\\\/\"},{\"@type\":\"ListItem\",\"position\":2,\"name\":\"Termos e Condi\u00e7\u00f5es (Verde Branco &amp; Gren\u00e1)\"}]},{\"@type\":\"WebSite\",\"@id\":\"https:\\\/\\\/wcwdigital.com\\\/noticias\\\/#website\",\"url\":\"https:\\\/\\\/wcwdigital.com\\\/noticias\\\/\",\"name\":\"P\u00e1tria News\",\"description\":\"\",\"publisher\":{\"@id\":\"https:\\\/\\\/wcwdigital.com\\\/noticias\\\/#organization\"},\"potentialAction\":[{\"@type\":\"SearchAction\",\"target\":{\"@type\":\"EntryPoint\",\"urlTemplate\":\"https:\\\/\\\/wcwdigital.com\\\/noticias\\\/?s={search_term_string}\"},\"query-input\":{\"@type\":\"PropertyValueSpecification\",\"valueRequired\":true,\"valueName\":\"search_term_string\"}}],\"inLanguage\":\"pt-BR\"},{\"@type\":\"Organization\",\"@id\":\"https:\\\/\\\/wcwdigital.com\\\/noticias\\\/#organization\",\"name\":\"P\u00e1tria News\",\"url\":\"https:\\\/\\\/wcwdigital.com\\\/noticias\\\/\",\"logo\":{\"@type\":\"ImageObject\",\"inLanguage\":\"pt-BR\",\"@id\":\"https:\\\/\\\/wcwdigital.com\\\/noticias\\\/#\\\/schema\\\/logo\\\/image\\\/\",\"url\":\"https:\\\/\\\/wcwdigital.com\\\/noticias\\\/wp-content\\\/uploads\\\/2026\\\/02\\\/cropped-logo-VBG-site-pronto-2.png\",\"contentUrl\":\"https:\\\/\\\/wcwdigital.com\\\/noticias\\\/wp-content\\\/uploads\\\/2026\\\/02\\\/cropped-logo-VBG-site-pronto-2.png\",\"width\":254,\"height\":238,\"caption\":\"P\u00e1tria News\"},\"image\":{\"@id\":\"https:\\\/\\\/wcwdigital.com\\\/noticias\\\/#\\\/schema\\\/logo\\\/image\\\/\"}}]}<\/script>\n<!-- \/ Yoast SEO plugin. -->","yoast_head_json":{"title":"Termos e Condi\u00e7\u00f5es (Verde Branco &amp; Gren\u00e1) -","robots":{"index":"index","follow":"follow","max-snippet":"max-snippet:-1","max-image-preview":"max-image-preview:large","max-video-preview":"max-video-preview:-1"},"canonical":"https:\/\/wcwdigital.com\/noticias\/termos-e-condicoes-verde-branco-grena\/","og_locale":"pt_BR","og_type":"article","og_title":"Termos e Condi\u00e7\u00f5es (Verde Branco &amp; Gren\u00e1) -","og_description":"Termos Ao acessar ao site Verde Branco &amp; Gren\u00e1, concorda em cumprir estes termos de servi\u00e7o, todas as leis e regulamentos aplic\u00e1veis \u200b\u200be concorda que [&hellip;]","og_url":"https:\/\/wcwdigital.com\/noticias\/termos-e-condicoes-verde-branco-grena\/","article_modified_time":"2026-02-20T01:04:29+00:00","twitter_card":"summary_large_image","twitter_misc":{"Est. tempo de leitura":"4 minutos"},"schema":{"@context":"https:\/\/schema.org","@graph":[{"@type":"WebPage","@id":"https:\/\/wcwdigital.com\/noticias\/termos-e-condicoes-verde-branco-grena\/","url":"https:\/\/wcwdigital.com\/noticias\/termos-e-condicoes-verde-branco-grena\/","name":"Termos e Condi\u00e7\u00f5es (Verde Branco &amp; Gren\u00e1) -","isPartOf":{"@id":"https:\/\/wcwdigital.com\/noticias\/#website"},"datePublished":"2026-02-20T01:04:27+00:00","dateModified":"2026-02-20T01:04:29+00:00","breadcrumb":{"@id":"https:\/\/wcwdigital.com\/noticias\/termos-e-condicoes-verde-branco-grena\/#breadcrumb"},"inLanguage":"pt-BR","potentialAction":[{"@type":"ReadAction","target":["https:\/\/wcwdigital.com\/noticias\/termos-e-condicoes-verde-branco-grena\/"]}]},{"@type":"BreadcrumbList","@id":"https:\/\/wcwdigital.com\/noticias\/termos-e-condicoes-verde-branco-grena\/#breadcrumb","itemListElement":[{"@type":"ListItem","position":1,"name":"Home","item":"https:\/\/wcwdigital.com\/noticias\/"},{"@type":"ListItem","position":2,"name":"Termos e Condi\u00e7\u00f5es (Verde Branco &amp; Gren\u00e1)"}]},{"@type":"WebSite","@id":"https:\/\/wcwdigital.com\/noticias\/#website","url":"https:\/\/wcwdigital.com\/noticias\/","name":"P\u00e1tria News","description":"","publisher":{"@id":"https:\/\/wcwdigital.com\/noticias\/#organization"},"potentialAction":[{"@type":"SearchAction","target":{"@type":"EntryPoint","urlTemplate":"https:\/\/wcwdigital.com\/noticias\/?s={search_term_string}"},"query-input":{"@type":"PropertyValueSpecification","valueRequired":true,"valueName":"search_term_string"}}],"inLanguage":"pt-BR"},{"@type":"Organization","@id":"https:\/\/wcwdigital.com\/noticias\/#organization","name":"P\u00e1tria News","url":"https:\/\/wcwdigital.com\/noticias\/","logo":{"@type":"ImageObject","inLanguage":"pt-BR","@id":"https:\/\/wcwdigital.com\/noticias\/#\/schema\/logo\/image\/","url":"https:\/\/wcwdigital.com\/noticias\/wp-content\/uploads\/2026\/02\/cropped-logo-VBG-site-pronto-2.png","contentUrl":"https:\/\/wcwdigital.com\/noticias\/wp-content\/uploads\/2026\/02\/cropped-logo-VBG-site-pronto-2.png","width":254,"height":238,"caption":"P\u00e1tria News"},"image":{"@id":"https:\/\/wcwdigital.com\/noticias\/#\/schema\/logo\/image\/"}}]}},"_links":{"self":[{"href":"https:\/\/wcwdigital.com\/noticias\/wp-json\/wp\/v2\/pages\/10133","targetHints":{"allow":["GET"]}}],"collection":[{"href":"https:\/\/wcwdigital.com\/noticias\/wp-json\/wp\/v2\/pages"}],"about":[{"href":"https:\/\/wcwdigital.com\/noticias\/wp-json\/wp\/v2\/types\/page"}],"author":[{"embeddable":true,"href":"https:\/\/wcwdigital.com\/noticias\/wp-json\/wp\/v2\/users\/1"}],"replies":[{"embeddable":true,"href":"https:\/\/wcwdigital.com\/noticias\/wp-json\/wp\/v2\/comments?post=10133"}],"version-history":[{"count":1,"href":"https:\/\/wcwdigital.com\/noticias\/wp-json\/wp\/v2\/pages\/10133\/revisions"}],"predecessor-version":[{"id":10134,"href":"https:\/\/wcwdigital.com\/noticias\/wp-json\/wp\/v2\/pages\/10133\/revisions\/10134"}],"wp:attachment":[{"href":"https:\/\/wcwdigital.com\/noticias\/wp-json\/wp\/v2\/media?parent=10133"}],"curies":[{"name":"wp","href":"https:\/\/api.w.org\/{rel}","templated":true}]}}